{"id":659,"date":"2026-03-27T13:36:54","date_gmt":"2026-03-27T13:36:54","guid":{"rendered":"https:\/\/winfriedschell.de\/?page_id=659"},"modified":"2026-03-27T13:36:54","modified_gmt":"2026-03-27T13:36:54","slug":"dramatisch","status":"publish","type":"page","link":"https:\/\/winfriedschell.de\/?page_id=659","title":{"rendered":"Dramatisch"},"content":{"rendered":"<p><code><div class=\"rl-gallery-container rl-loading\" id=\"rl-gallery-container-1\" data-gallery_id=\"196\"> <div class=\"rl-gallery rl-basicgrid-gallery \" id=\"rl-gallery-1\" data-gallery_no=\"1\"> <div class=\"rl-gallery-item\"><a href=\"https:\/\/winfriedschell.de\/wp-content\/uploads\/2019\/07\/100-1.jpg\" title=\"Dunkle Vorahnung (Stimmungsbild aus einem Impuls heraus entstanden )\" data-rl_title=\"Dunkle Vorahnung (Stimmungsbild aus einem Impuls heraus entstanden )\" class=\"rl-gallery-link\" data-rl_caption=\"Dunkle Vorahnung (Stimmungsbild aus einem Impuls heraus entstanden )\" data-rel=\"lightbox-gallery-1\"><img loading=\"lazy\" decoding=\"async\" src=\"https:\/\/winfriedschell.de\/wp-content\/uploads\/2019\/07\/100-1-225x300.jpg\" width=\"225\" height=\"300\" alt=\"\" \/><span class=\"rl-gallery-caption\"><span class=\"rl-gallery-item-title\">Dunkle Vorahnung (Stimmungsbild aus einem Impuls heraus entstanden )<\/span><span class=\"rl-gallery-item-caption\">Dunkle Vorahnung (Stimmungsbild aus einem Impuls heraus entstanden )<\/span><\/span><\/a><\/div><div class=\"rl-gallery-item\"><a href=\"https:\/\/winfriedschell.de\/wp-content\/uploads\/2019\/07\/033.jpg\" title=\"Cruel city (k\u00f6nnte die Skyline irgendeiner Gro\u00dfstadt sein, wo bei der Bebauuung nicht auf Urbanit\u00e4t geachtet wurde )\" data-rl_title=\"Cruel city (k\u00f6nnte die Skyline irgendeiner Gro\u00dfstadt sein, wo bei der Bebauuung nicht auf Urbanit\u00e4t geachtet wurde )\" class=\"rl-gallery-link\" data-rl_caption=\"Cruel city (k\u00f6nnte die Skyline irgendeiner Gro\u00dfstadt sein, wo bei der Bebauuung nicht auf Urbanit\u00e4t geachtet wurde )\" data-rel=\"lightbox-gallery-1\"><img loading=\"lazy\" decoding=\"async\" src=\"https:\/\/winfriedschell.de\/wp-content\/uploads\/2019\/07\/033-224x300.jpg\" width=\"224\" height=\"300\" alt=\"\" \/><span class=\"rl-gallery-caption\"><span class=\"rl-gallery-item-title\">Cruel city (k\u00f6nnte die Skyline irgendeiner Gro\u00dfstadt sein, wo bei der Bebauuung nicht auf Urbanit\u00e4t geachtet wurde )<\/span><span class=\"rl-gallery-item-caption\">Cruel city (k\u00f6nnte die Skyline irgendeiner Gro\u00dfstadt sein, wo bei der Bebauuung nicht auf Urbanit\u00e4t geachtet wurde )<\/span><\/span><\/a><\/div><div class=\"rl-gallery-item\"><a href=\"https:\/\/winfriedschell.de\/wp-content\/uploads\/2019\/07\/032-1.jpg\" title=\"Nocturno Land ( aus einer d\u00fcsteren Stimmung entstanden )\" data-rl_title=\"Nocturno Land ( aus einer d\u00fcsteren Stimmung entstanden )\" class=\"rl-gallery-link\" data-rl_caption=\"Nocturno Land ( aus einer d\u00fcsteren Stimmung entstanden )\" data-rel=\"lightbox-gallery-1\"><img loading=\"lazy\" decoding=\"async\" src=\"https:\/\/winfriedschell.de\/wp-content\/uploads\/2019\/07\/032-1-224x300.jpg\" width=\"224\" height=\"300\" alt=\"\" \/><span class=\"rl-gallery-caption\"><span class=\"rl-gallery-item-title\">Nocturno Land ( aus einer d\u00fcsteren Stimmung entstanden )<\/span><span class=\"rl-gallery-item-caption\">Nocturno Land ( aus einer d\u00fcsteren Stimmung entstanden )<\/span><\/span><\/a><\/div><div class=\"rl-gallery-item\"><a href=\"https:\/\/winfriedschell.de\/wp-content\/uploads\/2019\/07\/029.jpg\" title=\"Herabgefallenes Eichenblatt mit Wassertropfen\" data-rl_title=\"Herabgefallenes Eichenblatt mit Wassertropfen\" class=\"rl-gallery-link\" data-rl_caption=\"Herabgefallenes Eichenblatt mit Wassertropfen\" data-rel=\"lightbox-gallery-1\"><img loading=\"lazy\" decoding=\"async\" src=\"https:\/\/winfriedschell.de\/wp-content\/uploads\/2019\/07\/029-224x300.jpg\" width=\"224\" height=\"300\" alt=\"\" \/><span class=\"rl-gallery-caption\"><span class=\"rl-gallery-item-title\">Herabgefallenes Eichenblatt mit Wassertropfen<\/span><span class=\"rl-gallery-item-caption\">Herabgefallenes Eichenblatt mit Wassertropfen<\/span><\/span><\/a><\/div> <\/div> <\/div><\/code><\/p>\n","protected":false},"excerpt":{"rendered":"","protected":false},"author":1,"featured_media":0,"parent":0,"menu_order":0,"comment_status":"closed","ping_status":"closed","template":"","meta":{"footnotes":""},"class_list":["post-659","page","type-page","status-publish","hentry"],"yoast_head":"<!-- This site is optimized with the Yoast SEO plugin v27.4 - https:\/\/yoast.com\/product\/yoast-seo-wordpress\/ -->\n<title>Dramatisch - Winfried Schell<\/title>\n<meta name=\"robots\" content=\"index, follow, max-snippet:-1, max-image-preview:large, max-video-preview:-1\" \/>\n<link rel=\"canonical\" href=\"https:\/\/winfriedschell.de\/?page_id=659\" \/>\n<meta property=\"og:locale\" content=\"de_DE\" \/>\n<meta property=\"og:type\" content=\"article\" \/>\n<meta property=\"og:title\" content=\"Dramatisch - Winfried Schell\" \/>\n<meta property=\"og:url\" content=\"https:\/\/winfriedschell.de\/?page_id=659\" \/>\n<meta property=\"og:site_name\" content=\"Winfried Schell\" \/>\n<meta name=\"twitter:card\" content=\"summary_large_image\" \/>\n<script type=\"application\/ld+json\" class=\"yoast-schema-graph\">{\"@context\":\"https:\\\/\\\/schema.org\",\"@graph\":[{\"@type\":\"WebPage\",\"@id\":\"https:\\\/\\\/winfriedschell.de\\\/?page_id=659\",\"url\":\"https:\\\/\\\/winfriedschell.de\\\/?page_id=659\",\"name\":\"Dramatisch - Winfried Schell\",\"isPartOf\":{\"@id\":\"https:\\\/\\\/winfriedschell.de\\\/#website\"},\"datePublished\":\"2026-03-27T13:36:54+00:00\",\"breadcrumb\":{\"@id\":\"https:\\\/\\\/winfriedschell.de\\\/?page_id=659#breadcrumb\"},\"inLanguage\":\"de\",\"potentialAction\":[{\"@type\":\"ReadAction\",\"target\":[\"https:\\\/\\\/winfriedschell.de\\\/?page_id=659\"]}]},{\"@type\":\"BreadcrumbList\",\"@id\":\"https:\\\/\\\/winfriedschell.de\\\/?page_id=659#breadcrumb\",\"itemListElement\":[{\"@type\":\"ListItem\",\"position\":1,\"name\":\"Home\",\"item\":\"https:\\\/\\\/winfriedschell.de\\\/\"},{\"@type\":\"ListItem\",\"position\":2,\"name\":\"Dramatisch\"}]},{\"@type\":\"WebSite\",\"@id\":\"https:\\\/\\\/winfriedschell.de\\\/#website\",\"url\":\"https:\\\/\\\/winfriedschell.de\\\/\",\"name\":\"Winfried Schell\",\"description\":\"Freischaffender K\u00fcnstler aus Tornesch\",\"publisher\":{\"@id\":\"https:\\\/\\\/winfriedschell.de\\\/#organization\"},\"potentialAction\":[{\"@type\":\"SearchAction\",\"target\":{\"@type\":\"EntryPoint\",\"urlTemplate\":\"https:\\\/\\\/winfriedschell.de\\\/?s={search_term_string}\"},\"query-input\":{\"@type\":\"PropertyValueSpecification\",\"valueRequired\":true,\"valueName\":\"search_term_string\"}}],\"inLanguage\":\"de\"},{\"@type\":\"Organization\",\"@id\":\"https:\\\/\\\/winfriedschell.de\\\/#organization\",\"name\":\"Winfried Schell\",\"url\":\"https:\\\/\\\/winfriedschell.de\\\/\",\"logo\":{\"@type\":\"ImageObject\",\"inLanguage\":\"de\",\"@id\":\"https:\\\/\\\/winfriedschell.de\\\/#\\\/schema\\\/logo\\\/image\\\/\",\"url\":\"https:\\\/\\\/winfriedschell.de\\\/wp-content\\\/uploads\\\/2019\\\/07\\\/cropped-cropped-008-4-1.jpg\",\"contentUrl\":\"https:\\\/\\\/winfriedschell.de\\\/wp-content\\\/uploads\\\/2019\\\/07\\\/cropped-cropped-008-4-1.jpg\",\"width\":250,\"height\":250,\"caption\":\"Winfried Schell\"},\"image\":{\"@id\":\"https:\\\/\\\/winfriedschell.de\\\/#\\\/schema\\\/logo\\\/image\\\/\"}}]}<\/script>\n<!-- \/ Yoast SEO plugin. -->","yoast_head_json":{"title":"Dramatisch - Winfried Schell","robots":{"index":"index","follow":"follow","max-snippet":"max-snippet:-1","max-image-preview":"max-image-preview:large","max-video-preview":"max-video-preview:-1"},"canonical":"https:\/\/winfriedschell.de\/?page_id=659","og_locale":"de_DE","og_type":"article","og_title":"Dramatisch - Winfried Schell","og_url":"https:\/\/winfriedschell.de\/?page_id=659","og_site_name":"Winfried Schell","twitter_card":"summary_large_image","schema":{"@context":"https:\/\/schema.org","@graph":[{"@type":"WebPage","@id":"https:\/\/winfriedschell.de\/?page_id=659","url":"https:\/\/winfriedschell.de\/?page_id=659","name":"Dramatisch - Winfried Schell","isPartOf":{"@id":"https:\/\/winfriedschell.de\/#website"},"datePublished":"2026-03-27T13:36:54+00:00","breadcrumb":{"@id":"https:\/\/winfriedschell.de\/?page_id=659#breadcrumb"},"inLanguage":"de","potentialAction":[{"@type":"ReadAction","target":["https:\/\/winfriedschell.de\/?page_id=659"]}]},{"@type":"BreadcrumbList","@id":"https:\/\/winfriedschell.de\/?page_id=659#breadcrumb","itemListElement":[{"@type":"ListItem","position":1,"name":"Home","item":"https:\/\/winfriedschell.de\/"},{"@type":"ListItem","position":2,"name":"Dramatisch"}]},{"@type":"WebSite","@id":"https:\/\/winfriedschell.de\/#website","url":"https:\/\/winfriedschell.de\/","name":"Winfried Schell","description":"Freischaffender K\u00fcnstler aus Tornesch","publisher":{"@id":"https:\/\/winfriedschell.de\/#organization"},"potentialAction":[{"@type":"SearchAction","target":{"@type":"EntryPoint","urlTemplate":"https:\/\/winfriedschell.de\/?s={search_term_string}"},"query-input":{"@type":"PropertyValueSpecification","valueRequired":true,"valueName":"search_term_string"}}],"inLanguage":"de"},{"@type":"Organization","@id":"https:\/\/winfriedschell.de\/#organization","name":"Winfried Schell","url":"https:\/\/winfriedschell.de\/","logo":{"@type":"ImageObject","inLanguage":"de","@id":"https:\/\/winfriedschell.de\/#\/schema\/logo\/image\/","url":"https:\/\/winfriedschell.de\/wp-content\/uploads\/2019\/07\/cropped-cropped-008-4-1.jpg","contentUrl":"https:\/\/winfriedschell.de\/wp-content\/uploads\/2019\/07\/cropped-cropped-008-4-1.jpg","width":250,"height":250,"caption":"Winfried Schell"},"image":{"@id":"https:\/\/winfriedschell.de\/#\/schema\/logo\/image\/"}}]}},"_links":{"self":[{"href":"https:\/\/winfriedschell.de\/index.php?rest_route=\/wp\/v2\/pages\/659","targetHints":{"allow":["GET"]}}],"collection":[{"href":"https:\/\/winfriedschell.de\/index.php?rest_route=\/wp\/v2\/pages"}],"about":[{"href":"https:\/\/winfriedschell.de\/index.php?rest_route=\/wp\/v2\/types\/page"}],"author":[{"embeddable":true,"href":"https:\/\/winfriedschell.de\/index.php?rest_route=\/wp\/v2\/users\/1"}],"replies":[{"embeddable":true,"href":"https:\/\/winfriedschell.de\/index.php?rest_route=%2Fwp%2Fv2%2Fcomments&post=659"}],"version-history":[{"count":1,"href":"https:\/\/winfriedschell.de\/index.php?rest_route=\/wp\/v2\/pages\/659\/revisions"}],"predecessor-version":[{"id":660,"href":"https:\/\/winfriedschell.de\/index.php?rest_route=\/wp\/v2\/pages\/659\/revisions\/660"}],"wp:attachment":[{"href":"https:\/\/winfriedschell.de\/index.php?rest_route=%2Fwp%2Fv2%2Fmedia&parent=659"}],"curies":[{"name":"wp","href":"https:\/\/api.w.org\/{rel}","templated":true}]}}