{"id":646,"date":"2026-02-27T10:01:22","date_gmt":"2026-02-27T10:01:22","guid":{"rendered":"https:\/\/winfriedschell.de\/?page_id=646"},"modified":"2026-02-27T10:02:06","modified_gmt":"2026-02-27T10:02:06","slug":"landschaftsmalerei","status":"publish","type":"page","link":"https:\/\/winfriedschell.de\/?page_id=646","title":{"rendered":"Landschaftsmalerei"},"content":{"rendered":"<p><code><div class=\"rl-gallery-container rl-loading\" id=\"rl-gallery-container-1\" data-gallery_id=\"560\"> <div class=\"rl-gallery rl-basicgrid-gallery \" id=\"rl-gallery-1\" data-gallery_no=\"1\"> <div class=\"rl-gallery-item\"><a href=\"https:\/\/winfriedschell.de\/wp-content\/uploads\/2026\/02\/1-3.jpeg\" title=\"Winterstimmung im Buchenwald mit Bewohner, Fantasiebild nach einem Waldspaziergang\" data-rl_title=\"Winterstimmung im Buchenwald mit Bewohner, Fantasiebild nach einem Waldspaziergang\" class=\"rl-gallery-link\" data-rl_caption=\"Winterstimmung im Buchenwald mit Bewohner, Fantasiebild nach einem Waldspaziergang\" data-rel=\"lightbox-gallery-1\"><img loading=\"lazy\" decoding=\"async\" src=\"https:\/\/winfriedschell.de\/wp-content\/uploads\/2026\/02\/1-3.jpeg\" width=\"1981\" height=\"2560\" alt=\"\" \/><span class=\"rl-gallery-caption\"><span class=\"rl-gallery-item-caption\">Winterstimmung im Buchenwald mit Bewohner, Fantasiebild nach einem Waldspaziergang<\/span><\/span><\/a><\/div><div class=\"rl-gallery-item\"><a href=\"https:\/\/winfriedschell.de\/wp-content\/uploads\/2026\/02\/3-3.jpeg\" title=\"Unwetter \u00fcber der Nordsee aus der Fantasie nach Tagesausflug im Sp\u00e4therbst bei B\u00fcsum\" data-rl_title=\"Unwetter \u00fcber der Nordsee aus der Fantasie nach Tagesausflug im Sp\u00e4therbst bei B\u00fcsum\" class=\"rl-gallery-link\" data-rl_caption=\"Unwetter \u00fcber der Nordsee aus der Fantasie nach Tagesausflug im Sp\u00e4therbst bei B\u00fcsum\" data-rel=\"lightbox-gallery-1\"><img loading=\"lazy\" decoding=\"async\" src=\"https:\/\/winfriedschell.de\/wp-content\/uploads\/2026\/02\/3-3.jpeg\" width=\"1912\" height=\"2560\" alt=\"\" \/><span class=\"rl-gallery-caption\"><span class=\"rl-gallery-item-caption\">Unwetter \u00fcber der Nordsee aus der Fantasie nach Tagesausflug im Sp\u00e4therbst bei B\u00fcsum<\/span><\/span><\/a><\/div><div class=\"rl-gallery-item\"><a href=\"https:\/\/winfriedschell.de\/wp-content\/uploads\/2026\/02\/4-3.jpeg\" title=\"kleiner T\u00fcmpel am Orthbrookgraben bei Uetersen, erst fotografiert, dann gemalt\" data-rl_title=\"kleiner T\u00fcmpel am Orthbrookgraben bei Uetersen, erst fotografiert, dann gemalt\" class=\"rl-gallery-link\" data-rl_caption=\"kleiner T\u00fcmpel am Orthbrookgraben bei Uetersen, erst fotografiert, dann gemalt\" data-rel=\"lightbox-gallery-1\"><img loading=\"lazy\" decoding=\"async\" src=\"https:\/\/winfriedschell.de\/wp-content\/uploads\/2026\/02\/4-3.jpeg\" width=\"2019\" height=\"2560\" alt=\"\" \/><span class=\"rl-gallery-caption\"><span class=\"rl-gallery-item-caption\">kleiner T\u00fcmpel am Orthbrookgraben bei Uetersen, erst fotografiert, dann gemalt<\/span><\/span><\/a><\/div><div class=\"rl-gallery-item\"><a href=\"https:\/\/winfriedschell.de\/wp-content\/uploads\/2026\/02\/6-3.jpeg\" title=\"Nullabor Plain, (Australische W\u00fcstenimpression ) , aus der Fantasie entstanden, nach dem Lesen eines australischen Romans , wo die Gegend beschrieben wurde\" data-rl_title=\"Nullabor Plain, (Australische W\u00fcstenimpression ) , aus der Fantasie entstanden, nach dem Lesen eines australischen Romans , wo die Gegend beschrieben wurde\" class=\"rl-gallery-link\" data-rl_caption=\"Nullabor Plain, (Australische W\u00fcstenimpression ) , aus der Fantasie entstanden, nach dem Lesen eines australischen Romans , wo die Gegend beschrieben wurde\" data-rel=\"lightbox-gallery-1\"><img loading=\"lazy\" decoding=\"async\" src=\"https:\/\/winfriedschell.de\/wp-content\/uploads\/2026\/02\/6-3.jpeg\" width=\"1809\" height=\"2560\" alt=\"\" \/><span class=\"rl-gallery-caption\"><span class=\"rl-gallery-item-caption\">Nullabor Plain, (Australische W\u00fcstenimpression ) , aus der Fantasie entstanden, nach dem Lesen eines australischen Romans , wo die Gegend beschrieben wurde<\/span><\/span><\/a><\/div><div class=\"rl-gallery-item\"><a href=\"https:\/\/winfriedschell.de\/wp-content\/uploads\/2026\/02\/008-2-2.jpg\" title=\"Aus der Fantasie gemalt, Landschaft auf Island,\" data-rl_title=\"Aus der Fantasie gemalt, Landschaft auf Island,\" class=\"rl-gallery-link\" data-rl_caption=\"Aus der Fantasie gemalt, Landschaft auf Island,\" data-rel=\"lightbox-gallery-1\"><img loading=\"lazy\" decoding=\"async\" src=\"https:\/\/winfriedschell.de\/wp-content\/uploads\/2026\/02\/008-2-2.jpg\" width=\"1920\" height=\"2560\" alt=\"\" \/><span class=\"rl-gallery-caption\"><span class=\"rl-gallery-item-caption\">Aus der Fantasie gemalt, Landschaft auf Island,<\/span><\/span><\/a><\/div><div class=\"rl-gallery-item\"><a href=\"https:\/\/winfriedschell.de\/wp-content\/uploads\/2026\/02\/8-3.jpeg\" title=\"ohne Titel, \u00fcberlasse es der Fantasie des Betrachters\" data-rl_title=\"ohne Titel, \u00fcberlasse es der Fantasie des Betrachters\" class=\"rl-gallery-link\" data-rl_caption=\"ohne Titel, \u00fcberlasse es der Fantasie des Betrachters\" data-rel=\"lightbox-gallery-1\"><img loading=\"lazy\" decoding=\"async\" src=\"https:\/\/winfriedschell.de\/wp-content\/uploads\/2026\/02\/8-3.jpeg\" width=\"1981\" height=\"2560\" alt=\"\" \/><span class=\"rl-gallery-caption\"><span class=\"rl-gallery-item-caption\">ohne Titel, \u00fcberlasse es der Fantasie des Betrachters<\/span><\/span><\/a><\/div><div class=\"rl-gallery-item\"><a href=\"https:\/\/winfriedschell.de\/wp-content\/uploads\/2026\/02\/9-3.jpeg\" title=\"Abschnitt aus einem Gartenteich , erst fotografiert, dann gemalt\" data-rl_title=\"Abschnitt aus einem Gartenteich , erst fotografiert, dann gemalt\" class=\"rl-gallery-link\" data-rl_caption=\"Abschnitt aus einem Gartenteich , erst fotografiert, dann gemalt\" data-rel=\"lightbox-gallery-1\"><img loading=\"lazy\" decoding=\"async\" src=\"https:\/\/winfriedschell.de\/wp-content\/uploads\/2026\/02\/9-3.jpeg\" width=\"1981\" height=\"2560\" alt=\"\" \/><span class=\"rl-gallery-caption\"><span class=\"rl-gallery-item-caption\">Abschnitt aus einem Gartenteich , erst fotografiert, dann gemalt<\/span><\/span><\/a><\/div><div class=\"rl-gallery-item\"><a href=\"https:\/\/winfriedschell.de\/wp-content\/uploads\/2026\/02\/010-2.jpg\" title=\"Horizont, hier sollte die Stimmung und die Weite des Meeres vom Strand aus gesehen nachempfunden werden\" data-rl_title=\"Horizont, hier sollte die Stimmung und die Weite des Meeres vom Strand aus gesehen nachempfunden werden\" class=\"rl-gallery-link\" data-rl_caption=\"Horizont, hier sollte die Stimmung und die Weite des Meeres vom Strand aus gesehen nachempfunden werden\" data-rel=\"lightbox-gallery-1\"><img loading=\"lazy\" decoding=\"async\" src=\"https:\/\/winfriedschell.de\/wp-content\/uploads\/2026\/02\/010-2.jpg\" width=\"1920\" height=\"2560\" alt=\"\" \/><span class=\"rl-gallery-caption\"><span class=\"rl-gallery-item-caption\">Horizont, hier sollte die Stimmung und die Weite des Meeres vom Strand aus gesehen nachempfunden werden<\/span><\/span><\/a><\/div><div class=\"rl-gallery-item\"><a href=\"https:\/\/winfriedschell.de\/wp-content\/uploads\/2026\/02\/12-2.jpeg\" title=\"Astgabel. (eines Baumes in der Pinnauniederung bei Uetersen ) hier wollte ich aus einer Banalit\u00e4t etwas schaffen\" data-rl_title=\"Astgabel. (eines Baumes in der Pinnauniederung bei Uetersen ) hier wollte ich aus einer Banalit\u00e4t etwas schaffen\" class=\"rl-gallery-link\" data-rl_caption=\"Astgabel. (eines Baumes in der Pinnauniederung bei Uetersen ) hier wollte ich aus einer Banalit\u00e4t etwas schaffen\" data-rel=\"lightbox-gallery-1\"><img loading=\"lazy\" decoding=\"async\" src=\"https:\/\/winfriedschell.de\/wp-content\/uploads\/2026\/02\/12-2.jpeg\" width=\"2006\" height=\"2560\" alt=\"\" \/><span class=\"rl-gallery-caption\"><span class=\"rl-gallery-item-caption\">Astgabel. (eines Baumes in der Pinnauniederung bei Uetersen ) hier wollte ich aus einer Banalit\u00e4t etwas schaffen<\/span><\/span><\/a><\/div><div class=\"rl-gallery-item\"><a href=\"https:\/\/winfriedschell.de\/wp-content\/uploads\/2026\/02\/13-2.jpeg\" title=\"Angelteich bei Prisdorf (ein Unwetter zieht herauf ) , dieser Teich ist einer meiner Lieblingsmotive\" data-rl_title=\"Angelteich bei Prisdorf (ein Unwetter zieht herauf ) , dieser Teich ist einer meiner Lieblingsmotive\" class=\"rl-gallery-link\" data-rl_caption=\"Angelteich bei Prisdorf (ein Unwetter zieht herauf ) , dieser Teich ist einer meiner Lieblingsmotive\" data-rel=\"lightbox-gallery-1\"><img loading=\"lazy\" decoding=\"async\" src=\"https:\/\/winfriedschell.de\/wp-content\/uploads\/2026\/02\/13-2.jpeg\" width=\"1993\" height=\"2560\" alt=\"\" \/><span class=\"rl-gallery-caption\"><span class=\"rl-gallery-item-caption\">Angelteich bei Prisdorf (ein Unwetter zieht herauf ) , dieser Teich ist einer meiner Lieblingsmotive<\/span><\/span><\/a><\/div><div class=\"rl-gallery-item\"><a href=\"https:\/\/winfriedschell.de\/wp-content\/uploads\/2026\/02\/14-2.jpeg\" title=\"Indisches Springkraut, nach einem Foto von mir aufgenommen im Waldsst\u00fcck in Oberglinde (die Springkr\u00e4uter sind invasiv so sch\u00f6n diese auch sind )\" data-rl_title=\"Indisches Springkraut, nach einem Foto von mir aufgenommen im Waldsst\u00fcck in Oberglinde (die Springkr\u00e4uter sind invasiv so sch\u00f6n diese auch sind )\" class=\"rl-gallery-link\" data-rl_caption=\"Indisches Springkraut, nach einem Foto von mir aufgenommen im Waldsst\u00fcck in Oberglinde (die Springkr\u00e4uter sind invasiv so sch\u00f6n diese auch sind )\" data-rel=\"lightbox-gallery-1\"><img loading=\"lazy\" decoding=\"async\" src=\"https:\/\/winfriedschell.de\/wp-content\/uploads\/2026\/02\/14-2.jpeg\" width=\"1884\" height=\"2560\" alt=\"\" \/><span class=\"rl-gallery-caption\"><span class=\"rl-gallery-item-caption\">Indisches Springkraut, nach einem Foto von mir aufgenommen im Waldsst\u00fcck in Oberglinde (die Springkr\u00e4uter sind invasiv so sch\u00f6n diese auch sind )<\/span><\/span><\/a><\/div><div class=\"rl-gallery-item\"><a href=\"https:\/\/winfriedschell.de\/wp-content\/uploads\/2026\/02\/19-2.jpeg\" title=\"Steinger\u00f6ll (Steilk\u00fcste L\u00fcbecker Bucht (aus der Fantasie nachempfunden )\" data-rl_title=\"Steinger\u00f6ll (Steilk\u00fcste L\u00fcbecker Bucht (aus der Fantasie nachempfunden )\" class=\"rl-gallery-link\" data-rl_caption=\"Steinger\u00f6ll (Steilk\u00fcste L\u00fcbecker Bucht (aus der Fantasie nachempfunden )\" data-rel=\"lightbox-gallery-1\"><img loading=\"lazy\" decoding=\"async\" src=\"https:\/\/winfriedschell.de\/wp-content\/uploads\/2026\/02\/19-2.jpeg\" width=\"2560\" height=\"2560\" alt=\"\" \/><span class=\"rl-gallery-caption\"><span class=\"rl-gallery-item-caption\">Steinger\u00f6ll (Steilk\u00fcste L\u00fcbecker Bucht (aus der Fantasie nachempfunden )<\/span><\/span><\/a><\/div><div class=\"rl-gallery-item\"><a href=\"https:\/\/winfriedschell.de\/wp-content\/uploads\/2026\/02\/20-2.jpg\" title=\"Fantasielandschaft mit Berg im Hintergrund\" data-rl_title=\"Fantasielandschaft mit Berg im Hintergrund\" class=\"rl-gallery-link\" data-rl_caption=\"Fantasielandschaft mit Berg im Hintergrund\" data-rel=\"lightbox-gallery-1\"><img loading=\"lazy\" decoding=\"async\" src=\"https:\/\/winfriedschell.de\/wp-content\/uploads\/2026\/02\/20-2.jpg\" width=\"1920\" height=\"2560\" alt=\"\" \/><span class=\"rl-gallery-caption\"><span class=\"rl-gallery-item-caption\">Fantasielandschaft mit Berg im Hintergrund<\/span><\/span><\/a><\/div><div class=\"rl-gallery-item\"><a href=\"https:\/\/winfriedschell.de\/wp-content\/uploads\/2026\/02\/21-2.jpg\" title=\"Hochmoorlandschaft, aus der Fantasie entstanden\" data-rl_title=\"Hochmoorlandschaft, aus der Fantasie entstanden\" class=\"rl-gallery-link\" data-rl_caption=\"Hochmoorlandschaft, aus der Fantasie entstanden\" data-rel=\"lightbox-gallery-1\"><img loading=\"lazy\" decoding=\"async\" src=\"https:\/\/winfriedschell.de\/wp-content\/uploads\/2026\/02\/21-2.jpg\" width=\"1920\" height=\"2560\" alt=\"\" \/><span class=\"rl-gallery-caption\"><span class=\"rl-gallery-item-caption\">Hochmoorlandschaft, aus der Fantasie entstanden<\/span><\/span><\/a><\/div><div class=\"rl-gallery-item\"><a href=\"https:\/\/winfriedschell.de\/wp-content\/uploads\/2026\/02\/25-1.jpeg\" title=\"Wiese im Hochsommer in der Esinger Feldmark\" data-rl_title=\"Wiese im Hochsommer in der Esinger Feldmark\" class=\"rl-gallery-link\" data-rl_caption=\"Wiese im Hochsommer in der Esinger Feldmark\" data-rel=\"lightbox-gallery-1\"><img loading=\"lazy\" decoding=\"async\" src=\"https:\/\/winfriedschell.de\/wp-content\/uploads\/2026\/02\/25-1.jpeg\" width=\"1981\" height=\"2560\" alt=\"\" \/><span class=\"rl-gallery-caption\"><span class=\"rl-gallery-item-caption\">Wiese im Hochsommer in der Esinger Feldmark<\/span><\/span><\/a><\/div><div class=\"rl-gallery-item\"><a href=\"https:\/\/winfriedschell.de\/wp-content\/uploads\/2026\/02\/27-1.jpeg\" title=\"Abendd\u00e4mmerung in der Feldmark im Winter\" data-rl_title=\"Abendd\u00e4mmerung in der Feldmark im Winter\" class=\"rl-gallery-link\" data-rl_caption=\"Abendd\u00e4mmerung in der Feldmark im Winter\" data-rel=\"lightbox-gallery-1\"><img loading=\"lazy\" decoding=\"async\" src=\"https:\/\/winfriedschell.de\/wp-content\/uploads\/2026\/02\/27-1.jpeg\" width=\"1981\" height=\"2560\" alt=\"\" \/><span class=\"rl-gallery-caption\"><span class=\"rl-gallery-item-caption\">Abendd\u00e4mmerung in der Feldmark im Winter<\/span><\/span><\/a><\/div><div class=\"rl-gallery-item\"><a href=\"https:\/\/winfriedschell.de\/wp-content\/uploads\/2026\/02\/28-1.jpeg\" title=\"Bei der alten Sch\u00e4ferh\u00fctte am Oberglinder See\" data-rl_title=\"Bei der alten Sch\u00e4ferh\u00fctte am Oberglinder See\" class=\"rl-gallery-link\" data-rl_caption=\"Bei der alten Sch\u00e4ferh\u00fctte am Oberglinder See\" data-rel=\"lightbox-gallery-1\"><img loading=\"lazy\" decoding=\"async\" src=\"https:\/\/winfriedschell.de\/wp-content\/uploads\/2026\/02\/28-1.jpeg\" width=\"1981\" height=\"2560\" alt=\"\" \/><span class=\"rl-gallery-caption\"><span class=\"rl-gallery-item-caption\">Bei der alten Sch\u00e4ferh\u00fctte am Oberglinder See<\/span><\/span><\/a><\/div><div class=\"rl-gallery-item\"><a href=\"https:\/\/winfriedschell.de\/wp-content\/uploads\/2026\/02\/30-1.jpeg\" title=\"Rasenst\u00fcck am Bahndamm Tornesch (habe ein Auge f\u00fcr kleine Idyllen am Wegesrand )\" data-rl_title=\"Rasenst\u00fcck am Bahndamm Tornesch (habe ein Auge f\u00fcr kleine Idyllen am Wegesrand )\" class=\"rl-gallery-link\" data-rl_caption=\"Rasenst\u00fcck am Bahndamm Tornesch (habe ein Auge f\u00fcr kleine Idyllen am Wegesrand )\" data-rel=\"lightbox-gallery-1\"><img loading=\"lazy\" decoding=\"async\" src=\"https:\/\/winfriedschell.de\/wp-content\/uploads\/2026\/02\/30-1.jpeg\" width=\"1981\" height=\"2560\" alt=\"\" \/><span class=\"rl-gallery-caption\"><span class=\"rl-gallery-item-caption\">Rasenst\u00fcck am Bahndamm Tornesch (habe ein Auge f\u00fcr kleine Idyllen am Wegesrand )<\/span><\/span><\/a><\/div><div class=\"rl-gallery-item\"><a href=\"https:\/\/winfriedschell.de\/wp-content\/uploads\/2026\/02\/31-1.jpeg\" title=\"Herbstmotiv in der Pinnauniederung bei Appen\" data-rl_title=\"Herbstmotiv in der Pinnauniederung bei Appen\" class=\"rl-gallery-link\" data-rl_caption=\"Herbstmotiv in der Pinnauniederung bei Appen\" data-rel=\"lightbox-gallery-1\"><img loading=\"lazy\" decoding=\"async\" src=\"https:\/\/winfriedschell.de\/wp-content\/uploads\/2026\/02\/31-1.jpeg\" width=\"1981\" height=\"2560\" alt=\"\" \/><span class=\"rl-gallery-caption\"><span class=\"rl-gallery-item-caption\">Herbstmotiv in der Pinnauniederung bei Appen<\/span><\/span><\/a><\/div><div class=\"rl-gallery-item\"><a href=\"https:\/\/winfriedschell.de\/wp-content\/uploads\/2026\/02\/32-1.jpeg\" title=\"Am Orthbrookgraben bei Uetersen\" data-rl_title=\"Am Orthbrookgraben bei Uetersen\" class=\"rl-gallery-link\" data-rl_caption=\"Am Orthbrookgraben bei Uetersen\" data-rel=\"lightbox-gallery-1\"><img loading=\"lazy\" decoding=\"async\" src=\"https:\/\/winfriedschell.de\/wp-content\/uploads\/2026\/02\/32-1.jpeg\" width=\"1981\" height=\"2560\" alt=\"\" \/><span class=\"rl-gallery-caption\"><span class=\"rl-gallery-item-caption\">Am Orthbrookgraben bei Uetersen<\/span><\/span><\/a><\/div><div class=\"rl-gallery-item\"><a href=\"https:\/\/winfriedschell.de\/wp-content\/uploads\/2026\/02\/33-1.jpeg\" title=\"Bilsbek kurz vor der M\u00fcndung in die Pinnau\" data-rl_title=\"Bilsbek kurz vor der M\u00fcndung in die Pinnau\" class=\"rl-gallery-link\" data-rl_caption=\"Bilsbek kurz vor der M\u00fcndung in die Pinnau\" data-rel=\"lightbox-gallery-1\"><img loading=\"lazy\" decoding=\"async\" src=\"https:\/\/winfriedschell.de\/wp-content\/uploads\/2026\/02\/33-1.jpeg\" width=\"2560\" height=\"2560\" alt=\"\" \/><span class=\"rl-gallery-caption\"><span class=\"rl-gallery-item-caption\">Bilsbek kurz vor der M\u00fcndung in die Pinnau<\/span><\/span><\/a><\/div><div class=\"rl-gallery-item\"><a href=\"https:\/\/winfriedschell.de\/wp-content\/uploads\/2026\/02\/34-1.jpeg\" title=\"an der Au\u00dfenalster ( w\u00e4hrend einer Plain Air Aktion entstanden mit einer Hamburger Malergruppe )\" data-rl_title=\"an der Au\u00dfenalster ( w\u00e4hrend einer Plain Air Aktion entstanden mit einer Hamburger Malergruppe )\" class=\"rl-gallery-link\" data-rl_caption=\"an der Au\u00dfenalster ( w\u00e4hrend einer Plain Air Aktion entstanden mit einer Hamburger Malergruppe )\" data-rel=\"lightbox-gallery-1\"><img loading=\"lazy\" decoding=\"async\" src=\"https:\/\/winfriedschell.de\/wp-content\/uploads\/2026\/02\/34-1.jpeg\" width=\"1981\" height=\"2560\" alt=\"\" \/><span class=\"rl-gallery-caption\"><span class=\"rl-gallery-item-caption\">an der Au\u00dfenalster ( w\u00e4hrend einer Plain Air Aktion entstanden mit einer Hamburger Malergruppe )<\/span><\/span><\/a><\/div><div class=\"rl-gallery-item\"><a href=\"https:\/\/winfriedschell.de\/wp-content\/uploads\/2026\/02\/36-1.jpeg\" title=\"Schachbrettblumenwiese (in der Marsch bei Hetlingen entlang der Elbe , mittlerweile selten geworden in der Marsch )\" data-rl_title=\"Schachbrettblumenwiese (in der Marsch bei Hetlingen entlang der Elbe , mittlerweile selten geworden in der Marsch )\" class=\"rl-gallery-link\" data-rl_caption=\"Schachbrettblumenwiese (in der Marsch bei Hetlingen entlang der Elbe , mittlerweile selten geworden in der Marsch )\" data-rel=\"lightbox-gallery-1\"><img loading=\"lazy\" decoding=\"async\" src=\"https:\/\/winfriedschell.de\/wp-content\/uploads\/2026\/02\/36-1.jpeg\" width=\"1981\" height=\"2560\" alt=\"\" \/><span class=\"rl-gallery-caption\"><span class=\"rl-gallery-item-caption\">Schachbrettblumenwiese (in der Marsch bei Hetlingen entlang der Elbe , mittlerweile selten geworden in der Marsch )<\/span><\/span><\/a><\/div><div class=\"rl-gallery-item\"><a href=\"https:\/\/winfriedschell.de\/wp-content\/uploads\/2026\/02\/37-1.jpeg\" title=\"Waldst\u00fcck bei K\u00f6ster\u00b4s Kuhle in Tornesch\" data-rl_title=\"Waldst\u00fcck bei K\u00f6ster\u00b4s Kuhle in Tornesch\" class=\"rl-gallery-link\" data-rl_caption=\"Waldst\u00fcck bei K\u00f6ster\u00b4s Kuhle in Tornesch\" data-rel=\"lightbox-gallery-1\"><img loading=\"lazy\" decoding=\"async\" src=\"https:\/\/winfriedschell.de\/wp-content\/uploads\/2026\/02\/37-1.jpeg\" width=\"1981\" height=\"2560\" alt=\"\" \/><span class=\"rl-gallery-caption\"><span class=\"rl-gallery-item-caption\">Waldst\u00fcck bei K\u00f6ster\u00b4s Kuhle in Tornesch<\/span><\/span><\/a><\/div><div class=\"rl-gallery-item\"><a href=\"https:\/\/winfriedschell.de\/wp-content\/uploads\/2026\/02\/38-1.jpeg\" title=\"Wiese in der Esinger Feldmark ( mit verbl\u00fchten L\u00f6wenzahn )\" data-rl_title=\"Wiese in der Esinger Feldmark ( mit verbl\u00fchten L\u00f6wenzahn )\" class=\"rl-gallery-link\" data-rl_caption=\"Wiese in der Esinger Feldmark ( mit verbl\u00fchten L\u00f6wenzahn )\" data-rel=\"lightbox-gallery-1\"><img loading=\"lazy\" decoding=\"async\" src=\"https:\/\/winfriedschell.de\/wp-content\/uploads\/2026\/02\/38-1.jpeg\" width=\"1981\" height=\"2560\" alt=\"\" \/><span class=\"rl-gallery-caption\"><span class=\"rl-gallery-item-caption\">Wiese in der Esinger Feldmark ( mit verbl\u00fchten L\u00f6wenzahn )<\/span><\/span><\/a><\/div> <\/div> <\/div><\/code><\/p>\n","protected":false},"excerpt":{"rendered":"","protected":false},"author":1,"featured_media":0,"parent":0,"menu_order":0,"comment_status":"closed","ping_status":"closed","template":"","meta":{"footnotes":""},"class_list":["post-646","page","type-page","status-publish","hentry"],"yoast_head":"<!-- This site is optimized with the Yoast SEO plugin v27.3 - https:\/\/yoast.com\/product\/yoast-seo-wordpress\/ -->\n<title>Landschaftsmalerei - Winfried Schell<\/title>\n<meta name=\"robots\" content=\"index, follow, max-snippet:-1, max-image-preview:large, max-video-preview:-1\" \/>\n<link rel=\"canonical\" href=\"https:\/\/winfriedschell.de\/?page_id=646\" \/>\n<meta property=\"og:locale\" content=\"de_DE\" \/>\n<meta property=\"og:type\" content=\"article\" \/>\n<meta property=\"og:title\" content=\"Landschaftsmalerei - Winfried Schell\" \/>\n<meta property=\"og:url\" content=\"https:\/\/winfriedschell.de\/?page_id=646\" \/>\n<meta property=\"og:site_name\" content=\"Winfried Schell\" \/>\n<meta property=\"article:modified_time\" content=\"2026-02-27T10:02:06+00:00\" \/>\n<meta name=\"twitter:card\" content=\"summary_large_image\" \/>\n<script type=\"application\/ld+json\" class=\"yoast-schema-graph\">{\"@context\":\"https:\\\/\\\/schema.org\",\"@graph\":[{\"@type\":\"WebPage\",\"@id\":\"https:\\\/\\\/winfriedschell.de\\\/?page_id=646\",\"url\":\"https:\\\/\\\/winfriedschell.de\\\/?page_id=646\",\"name\":\"Landschaftsmalerei - Winfried Schell\",\"isPartOf\":{\"@id\":\"https:\\\/\\\/winfriedschell.de\\\/#website\"},\"datePublished\":\"2026-02-27T10:01:22+00:00\",\"dateModified\":\"2026-02-27T10:02:06+00:00\",\"breadcrumb\":{\"@id\":\"https:\\\/\\\/winfriedschell.de\\\/?page_id=646#breadcrumb\"},\"inLanguage\":\"de\",\"potentialAction\":[{\"@type\":\"ReadAction\",\"target\":[\"https:\\\/\\\/winfriedschell.de\\\/?page_id=646\"]}]},{\"@type\":\"BreadcrumbList\",\"@id\":\"https:\\\/\\\/winfriedschell.de\\\/?page_id=646#breadcrumb\",\"itemListElement\":[{\"@type\":\"ListItem\",\"position\":1,\"name\":\"Home\",\"item\":\"https:\\\/\\\/winfriedschell.de\\\/\"},{\"@type\":\"ListItem\",\"position\":2,\"name\":\"Landschaftsmalerei\"}]},{\"@type\":\"WebSite\",\"@id\":\"https:\\\/\\\/winfriedschell.de\\\/#website\",\"url\":\"https:\\\/\\\/winfriedschell.de\\\/\",\"name\":\"Winfried Schell\",\"description\":\"Freischaffender K\u00fcnstler aus Tornesch\",\"publisher\":{\"@id\":\"https:\\\/\\\/winfriedschell.de\\\/#organization\"},\"potentialAction\":[{\"@type\":\"SearchAction\",\"target\":{\"@type\":\"EntryPoint\",\"urlTemplate\":\"https:\\\/\\\/winfriedschell.de\\\/?s={search_term_string}\"},\"query-input\":{\"@type\":\"PropertyValueSpecification\",\"valueRequired\":true,\"valueName\":\"search_term_string\"}}],\"inLanguage\":\"de\"},{\"@type\":\"Organization\",\"@id\":\"https:\\\/\\\/winfriedschell.de\\\/#organization\",\"name\":\"Winfried Schell\",\"url\":\"https:\\\/\\\/winfriedschell.de\\\/\",\"logo\":{\"@type\":\"ImageObject\",\"inLanguage\":\"de\",\"@id\":\"https:\\\/\\\/winfriedschell.de\\\/#\\\/schema\\\/logo\\\/image\\\/\",\"url\":\"https:\\\/\\\/winfriedschell.de\\\/wp-content\\\/uploads\\\/2019\\\/07\\\/cropped-cropped-008-4-1.jpg\",\"contentUrl\":\"https:\\\/\\\/winfriedschell.de\\\/wp-content\\\/uploads\\\/2019\\\/07\\\/cropped-cropped-008-4-1.jpg\",\"width\":250,\"height\":250,\"caption\":\"Winfried Schell\"},\"image\":{\"@id\":\"https:\\\/\\\/winfriedschell.de\\\/#\\\/schema\\\/logo\\\/image\\\/\"}}]}<\/script>\n<!-- \/ Yoast SEO plugin. -->","yoast_head_json":{"title":"Landschaftsmalerei - Winfried Schell","robots":{"index":"index","follow":"follow","max-snippet":"max-snippet:-1","max-image-preview":"max-image-preview:large","max-video-preview":"max-video-preview:-1"},"canonical":"https:\/\/winfriedschell.de\/?page_id=646","og_locale":"de_DE","og_type":"article","og_title":"Landschaftsmalerei - Winfried Schell","og_url":"https:\/\/winfriedschell.de\/?page_id=646","og_site_name":"Winfried Schell","article_modified_time":"2026-02-27T10:02:06+00:00","twitter_card":"summary_large_image","schema":{"@context":"https:\/\/schema.org","@graph":[{"@type":"WebPage","@id":"https:\/\/winfriedschell.de\/?page_id=646","url":"https:\/\/winfriedschell.de\/?page_id=646","name":"Landschaftsmalerei - Winfried Schell","isPartOf":{"@id":"https:\/\/winfriedschell.de\/#website"},"datePublished":"2026-02-27T10:01:22+00:00","dateModified":"2026-02-27T10:02:06+00:00","breadcrumb":{"@id":"https:\/\/winfriedschell.de\/?page_id=646#breadcrumb"},"inLanguage":"de","potentialAction":[{"@type":"ReadAction","target":["https:\/\/winfriedschell.de\/?page_id=646"]}]},{"@type":"BreadcrumbList","@id":"https:\/\/winfriedschell.de\/?page_id=646#breadcrumb","itemListElement":[{"@type":"ListItem","position":1,"name":"Home","item":"https:\/\/winfriedschell.de\/"},{"@type":"ListItem","position":2,"name":"Landschaftsmalerei"}]},{"@type":"WebSite","@id":"https:\/\/winfriedschell.de\/#website","url":"https:\/\/winfriedschell.de\/","name":"Winfried Schell","description":"Freischaffender K\u00fcnstler aus Tornesch","publisher":{"@id":"https:\/\/winfriedschell.de\/#organization"},"potentialAction":[{"@type":"SearchAction","target":{"@type":"EntryPoint","urlTemplate":"https:\/\/winfriedschell.de\/?s={search_term_string}"},"query-input":{"@type":"PropertyValueSpecification","valueRequired":true,"valueName":"search_term_string"}}],"inLanguage":"de"},{"@type":"Organization","@id":"https:\/\/winfriedschell.de\/#organization","name":"Winfried Schell","url":"https:\/\/winfriedschell.de\/","logo":{"@type":"ImageObject","inLanguage":"de","@id":"https:\/\/winfriedschell.de\/#\/schema\/logo\/image\/","url":"https:\/\/winfriedschell.de\/wp-content\/uploads\/2019\/07\/cropped-cropped-008-4-1.jpg","contentUrl":"https:\/\/winfriedschell.de\/wp-content\/uploads\/2019\/07\/cropped-cropped-008-4-1.jpg","width":250,"height":250,"caption":"Winfried Schell"},"image":{"@id":"https:\/\/winfriedschell.de\/#\/schema\/logo\/image\/"}}]}},"_links":{"self":[{"href":"https:\/\/winfriedschell.de\/index.php?rest_route=\/wp\/v2\/pages\/646","targetHints":{"allow":["GET"]}}],"collection":[{"href":"https:\/\/winfriedschell.de\/index.php?rest_route=\/wp\/v2\/pages"}],"about":[{"href":"https:\/\/winfriedschell.de\/index.php?rest_route=\/wp\/v2\/types\/page"}],"author":[{"embeddable":true,"href":"https:\/\/winfriedschell.de\/index.php?rest_route=\/wp\/v2\/users\/1"}],"replies":[{"embeddable":true,"href":"https:\/\/winfriedschell.de\/index.php?rest_route=%2Fwp%2Fv2%2Fcomments&post=646"}],"version-history":[{"count":2,"href":"https:\/\/winfriedschell.de\/index.php?rest_route=\/wp\/v2\/pages\/646\/revisions"}],"predecessor-version":[{"id":648,"href":"https:\/\/winfriedschell.de\/index.php?rest_route=\/wp\/v2\/pages\/646\/revisions\/648"}],"wp:attachment":[{"href":"https:\/\/winfriedschell.de\/index.php?rest_route=%2Fwp%2Fv2%2Fmedia&parent=646"}],"curies":[{"name":"wp","href":"https:\/\/api.w.org\/{rel}","templated":true}]}}