{"id":17,"date":"2019-07-31T11:44:57","date_gmt":"2019-07-31T11:44:57","guid":{"rendered":"https:\/\/winfriedschell.de\/?page_id=17"},"modified":"2026-03-27T13:35:34","modified_gmt":"2026-03-27T13:35:34","slug":"home","status":"publish","type":"page","link":"https:\/\/winfriedschell.de\/","title":{"rendered":"Home"},"content":{"rendered":"<article class=\"text-token-text-primary w-full focus:outline-none [--shadow-height:45px] has-data-writing-block:pointer-events-none has-data-writing-block:-mt-(--shadow-height) has-data-writing-block:pt-(--shadow-height) [&amp;:has([data-writing-block])&gt;*]:pointer-events-auto scroll-mt-(--header-height)\" dir=\"auto\" tabindex=\"-1\" data-turn-id=\"7f35052f-0cd7-45f0-af9f-a09005fa588c\" data-testid=\"conversation-turn-1\" data-scroll-anchor=\"false\" data-turn=\"user\">\n<div class=\"text-base my-auto mx-auto pt-3 [--thread-content-margin:--spacing(4)] @w-sm\/main:[--thread-content-margin:--spacing(6)] @w-lg\/main:[--thread-content-margin:--spacing(16)] px-(--thread-content-margin)\">\n<div class=\"[--thread-content-max-width:40rem] @w-lg\/main:[--thread-content-max-width:48rem] mx-auto max-w-(--thread-content-max-width) flex-1 group\/turn-messages focus-visible:outline-hidden relative flex w-full min-w-0 flex-col\" tabindex=\"-1\">\n<div class=\"z-0 flex justify-end\"><\/div>\n<\/div>\n<\/div>\n<\/article>\n<article class=\"text-token-text-primary w-full focus:outline-none [--shadow-height:45px] has-data-writing-block:pointer-events-none has-data-writing-block:-mt-(--shadow-height) has-data-writing-block:pt-(--shadow-height) [&amp;:has([data-writing-block])&gt;*]:pointer-events-auto [content-visibility:auto] supports-[content-visibility:auto]:[contain-intrinsic-size:auto_100lvh] scroll-mt-[calc(var(--header-height)+min(200px,max(70px,20svh)))]\" dir=\"auto\" tabindex=\"-1\" data-turn-id=\"request-WEB:c34260cd-7fb8-4869-829f-ea1e6ae9476f-0\" data-testid=\"conversation-turn-2\" data-scroll-anchor=\"true\" data-turn=\"assistant\">\n<div class=\"text-base my-auto mx-auto pb-10 [--thread-content-margin:--spacing(4)] @w-sm\/main:[--thread-content-margin:--spacing(6)] @w-lg\/main:[--thread-content-margin:--spacing(16)] px-(--thread-content-margin)\">\n<div class=\"[--thread-content-max-width:40rem] @w-lg\/main:[--thread-content-max-width:48rem] mx-auto max-w-(--thread-content-max-width) flex-1 group\/turn-messages focus-visible:outline-hidden relative flex w-full min-w-0 flex-col agent-turn\" tabindex=\"-1\">\n<div class=\"flex max-w-full flex-col grow\">\n<div class=\"min-h-8 text-message relative flex w-full flex-col items-end gap-2 text-start break-words whitespace-normal [.text-message+&amp;]:mt-1\" dir=\"auto\" data-message-author-role=\"assistant\" data-message-id=\"c3f72e8b-1d8b-4270-a376-33e41acf846e\" data-message-model-slug=\"gpt-5-2\">\n<div class=\"flex w-full flex-col gap-1 empty:hidden first:pt-[1px]\">\n<div class=\"markdown prose dark:prose-invert w-full wrap-break-word light markdown-new-styling\">\n<p data-start=\"0\" data-end=\"462\"><img loading=\"lazy\" decoding=\"async\" class=\"alignright wp-image-625 size-full\" src=\"https:\/\/winfriedschell.de\/wp-content\/uploads\/2019\/07\/cropped-cropped-008-4-1.jpg\" alt=\"\" width=\"250\" height=\"250\" srcset=\"https:\/\/winfriedschell.de\/wp-content\/uploads\/2019\/07\/cropped-cropped-008-4-1.jpg 250w, https:\/\/winfriedschell.de\/wp-content\/uploads\/2019\/07\/cropped-cropped-008-4-1-150x150.jpg 150w, https:\/\/winfriedschell.de\/wp-content\/uploads\/2019\/07\/cropped-cropped-008-4-1-100x100.jpg 100w\" sizes=\"auto, (max-width: 250px) 100vw, 250px\" \/>Der freischaffende K\u00fcnstler <strong data-start=\"28\" data-end=\"47\">Winfried Schell<\/strong> aus <span class=\"hover:entity-accent entity-underline inline cursor-pointer align-baseline\"><span class=\"whitespace-normal\">Tornesch<\/span><\/span> steht f\u00fcr eine eigenst\u00e4ndige, authentische Position in der zeitgen\u00f6ssischen Kunst. Mit feinem Gesp\u00fcr f\u00fcr Form, Farbe und Struktur entwickelt er Werke, die gleicherma\u00dfen emotional ber\u00fchren und zum Innehalten einladen. Seine Arbeiten bewegen sich zwischen Experiment und Ausdruckskraft und spiegeln sowohl pers\u00f6nliche Eindr\u00fccke als auch gesellschaftliche Stimmungen wider.<\/p>\n<p data-start=\"464\" data-end=\"865\">Als freier K\u00fcnstler widmet sich Winfried Schell mit gro\u00dfer Leidenschaft der kontinuierlichen Weiterentwicklung seiner Bildsprache. Dabei entstehen Kompositionen, die durch Tiefe, Dynamik und eine besondere Materialit\u00e4t \u00fcberzeugen. In seinem Schaffen verbindet sich handwerkliche Pr\u00e4zision mit kreativer Offenheit \u2013 stets getragen von der \u00dcberzeugung, dass Kunst R\u00e4ume f\u00fcr neue Perspektiven er\u00f6ffnet.<\/p>\n<p data-start=\"867\" data-end=\"1072\" data-is-last-node=\"\" data-is-only-node=\"\">In Tornesch verwurzelt und zugleich offen f\u00fcr Impulse \u00fcber regionale Grenzen hinaus, pr\u00e4gt Winfried Schell die lokale Kulturlandschaft und setzt zugleich individuelle Akzente im \u00fcberregionalen Kunstdialog.<\/p>\n<\/div>\n<\/div>\n<\/div>\n<\/div>\n<\/div>\n<\/div>\n<\/article>\n<p><strong><span style=\"font-size: large;\"><i>Winfried Schell<\/i><\/span><\/strong><\/p>\n<p><span style=\"font-size: large;\"><i>Freischaffender K\u00fcnstler<br \/>\n<\/i><\/span><span style=\"font-size: large;\"><i>G\u00e4rtnerweg 16<br \/>\n<\/i><\/span><span style=\"font-size: large;\"><i>25436 Tornesch<br \/>\n<\/i><\/span><span style=\"font-size: large;\"><i>Tel.: 0170 2221823<\/i><\/span><code><\/code><\/p>\n<p style=\"text-align: center;\"><a href=\"https:\/\/www.instagram.com\/imagen_colors_\/\" target=\"_blank\" rel=\"noopener\">Besuchen Sie auch gerne mein Instagram Profil<\/a><\/p>\n<p><a href=\"https:\/\/www.instagram.com\/imagen_colors_\/\" target=\"_blank\" rel=\"noopener\"><img loading=\"lazy\" decoding=\"async\" class=\"aligncenter wp-image-321 size-full\" title=\"Instagram\" src=\"https:\/\/winfriedschell.de\/wp-content\/uploads\/2025\/02\/instagram.jpg\" alt=\"Instagram Winfried Schell - imagen_colors\" width=\"927\" height=\"308\" srcset=\"https:\/\/winfriedschell.de\/wp-content\/uploads\/2025\/02\/instagram.jpg 927w, https:\/\/winfriedschell.de\/wp-content\/uploads\/2025\/02\/instagram-300x100.jpg 300w, https:\/\/winfriedschell.de\/wp-content\/uploads\/2025\/02\/instagram-768x255.jpg 768w\" sizes=\"auto, (max-width: 706px) 89vw, (max-width: 767px) 82vw, 740px\" \/><\/a><\/p>\n","protected":false},"excerpt":{"rendered":"<p>Der freischaffende K\u00fcnstler Winfried Schell aus Tornesch steht f\u00fcr eine eigenst\u00e4ndige, authentische Position in der zeitgen\u00f6ssischen Kunst. Mit feinem Gesp\u00fcr f\u00fcr Form, Farbe und Struktur entwickelt er Werke, die gleicherma\u00dfen emotional ber\u00fchren und zum Innehalten einladen. Seine Arbeiten bewegen sich zwischen Experiment und Ausdruckskraft und spiegeln sowohl pers\u00f6nliche Eindr\u00fccke als auch gesellschaftliche Stimmungen wider. Als &hellip; <\/p>\n<p class=\"link-more\"><a href=\"https:\/\/winfriedschell.de\/\" class=\"more-link\"><span class=\"screen-reader-text\">\u201eHome\u201c <\/span>weiterlesen<\/a><\/p>\n","protected":false},"author":1,"featured_media":0,"parent":0,"menu_order":0,"comment_status":"closed","ping_status":"closed","template":"","meta":{"footnotes":""},"class_list":["post-17","page","type-page","status-publish","hentry"],"yoast_head":"<!-- This site is optimized with the Yoast SEO plugin v27.3 - https:\/\/yoast.com\/product\/yoast-seo-wordpress\/ -->\n<title>Home - Winfried Schell<\/title>\n<meta name=\"robots\" content=\"index, follow, max-snippet:-1, max-image-preview:large, max-video-preview:-1\" \/>\n<link rel=\"canonical\" href=\"https:\/\/winfriedschell.de\/\" \/>\n<meta property=\"og:locale\" content=\"de_DE\" \/>\n<meta property=\"og:type\" content=\"article\" \/>\n<meta property=\"og:title\" content=\"Home - Winfried Schell\" \/>\n<meta property=\"og:description\" content=\"Der freischaffende K\u00fcnstler Winfried Schell aus Tornesch steht f\u00fcr eine eigenst\u00e4ndige, authentische Position in der zeitgen\u00f6ssischen Kunst. Mit feinem Gesp\u00fcr f\u00fcr Form, Farbe und Struktur entwickelt er Werke, die gleicherma\u00dfen emotional ber\u00fchren und zum Innehalten einladen. Seine Arbeiten bewegen sich zwischen Experiment und Ausdruckskraft und spiegeln sowohl pers\u00f6nliche Eindr\u00fccke als auch gesellschaftliche Stimmungen wider. Als &hellip; \u201eHome\u201c weiterlesen\" \/>\n<meta property=\"og:url\" content=\"https:\/\/winfriedschell.de\/\" \/>\n<meta property=\"og:site_name\" content=\"Winfried Schell\" \/>\n<meta property=\"article:modified_time\" content=\"2026-03-27T13:35:34+00:00\" \/>\n<meta property=\"og:image\" content=\"https:\/\/winfriedschell.de\/wp-content\/uploads\/2019\/07\/cropped-cropped-008-4-1.jpg\" \/>\n\t<meta property=\"og:image:width\" content=\"250\" \/>\n\t<meta property=\"og:image:height\" content=\"250\" \/>\n\t<meta property=\"og:image:type\" content=\"image\/jpeg\" \/>\n<meta name=\"twitter:card\" content=\"summary_large_image\" \/>\n<meta name=\"twitter:label1\" content=\"Gesch\u00e4tzte Lesezeit\" \/>\n\t<meta name=\"twitter:data1\" content=\"2\u00a0Minuten\" \/>\n<script type=\"application\/ld+json\" class=\"yoast-schema-graph\">{\"@context\":\"https:\\\/\\\/schema.org\",\"@graph\":[{\"@type\":\"WebPage\",\"@id\":\"https:\\\/\\\/winfriedschell.de\\\/\",\"url\":\"https:\\\/\\\/winfriedschell.de\\\/\",\"name\":\"Home - Winfried Schell\",\"isPartOf\":{\"@id\":\"https:\\\/\\\/winfriedschell.de\\\/#website\"},\"primaryImageOfPage\":{\"@id\":\"https:\\\/\\\/winfriedschell.de\\\/#primaryimage\"},\"image\":{\"@id\":\"https:\\\/\\\/winfriedschell.de\\\/#primaryimage\"},\"thumbnailUrl\":\"https:\\\/\\\/winfriedschell.de\\\/wp-content\\\/uploads\\\/2019\\\/07\\\/cropped-cropped-008-4-1.jpg\",\"datePublished\":\"2019-07-31T11:44:57+00:00\",\"dateModified\":\"2026-03-27T13:35:34+00:00\",\"breadcrumb\":{\"@id\":\"https:\\\/\\\/winfriedschell.de\\\/#breadcrumb\"},\"inLanguage\":\"de\",\"potentialAction\":[{\"@type\":\"ReadAction\",\"target\":[\"https:\\\/\\\/winfriedschell.de\\\/\"]}]},{\"@type\":\"ImageObject\",\"inLanguage\":\"de\",\"@id\":\"https:\\\/\\\/winfriedschell.de\\\/#primaryimage\",\"url\":\"https:\\\/\\\/winfriedschell.de\\\/wp-content\\\/uploads\\\/2019\\\/07\\\/cropped-cropped-008-4-1.jpg\",\"contentUrl\":\"https:\\\/\\\/winfriedschell.de\\\/wp-content\\\/uploads\\\/2019\\\/07\\\/cropped-cropped-008-4-1.jpg\",\"width\":250,\"height\":250},{\"@type\":\"BreadcrumbList\",\"@id\":\"https:\\\/\\\/winfriedschell.de\\\/#breadcrumb\",\"itemListElement\":[{\"@type\":\"ListItem\",\"position\":1,\"name\":\"Home\",\"item\":\"https:\\\/\\\/winfriedschell.de\\\/\"},{\"@type\":\"ListItem\",\"position\":2,\"name\":\"Home\"}]},{\"@type\":\"WebSite\",\"@id\":\"https:\\\/\\\/winfriedschell.de\\\/#website\",\"url\":\"https:\\\/\\\/winfriedschell.de\\\/\",\"name\":\"Winfried Schell\",\"description\":\"Freischaffender K\u00fcnstler aus Tornesch\",\"publisher\":{\"@id\":\"https:\\\/\\\/winfriedschell.de\\\/#organization\"},\"potentialAction\":[{\"@type\":\"SearchAction\",\"target\":{\"@type\":\"EntryPoint\",\"urlTemplate\":\"https:\\\/\\\/winfriedschell.de\\\/?s={search_term_string}\"},\"query-input\":{\"@type\":\"PropertyValueSpecification\",\"valueRequired\":true,\"valueName\":\"search_term_string\"}}],\"inLanguage\":\"de\"},{\"@type\":\"Organization\",\"@id\":\"https:\\\/\\\/winfriedschell.de\\\/#organization\",\"name\":\"Winfried Schell\",\"url\":\"https:\\\/\\\/winfriedschell.de\\\/\",\"logo\":{\"@type\":\"ImageObject\",\"inLanguage\":\"de\",\"@id\":\"https:\\\/\\\/winfriedschell.de\\\/#\\\/schema\\\/logo\\\/image\\\/\",\"url\":\"https:\\\/\\\/winfriedschell.de\\\/wp-content\\\/uploads\\\/2019\\\/07\\\/cropped-cropped-008-4-1.jpg\",\"contentUrl\":\"https:\\\/\\\/winfriedschell.de\\\/wp-content\\\/uploads\\\/2019\\\/07\\\/cropped-cropped-008-4-1.jpg\",\"width\":250,\"height\":250,\"caption\":\"Winfried Schell\"},\"image\":{\"@id\":\"https:\\\/\\\/winfriedschell.de\\\/#\\\/schema\\\/logo\\\/image\\\/\"}}]}<\/script>\n<!-- \/ Yoast SEO plugin. -->","yoast_head_json":{"title":"Home - Winfried Schell","robots":{"index":"index","follow":"follow","max-snippet":"max-snippet:-1","max-image-preview":"max-image-preview:large","max-video-preview":"max-video-preview:-1"},"canonical":"https:\/\/winfriedschell.de\/","og_locale":"de_DE","og_type":"article","og_title":"Home - Winfried Schell","og_description":"Der freischaffende K\u00fcnstler Winfried Schell aus Tornesch steht f\u00fcr eine eigenst\u00e4ndige, authentische Position in der zeitgen\u00f6ssischen Kunst. Mit feinem Gesp\u00fcr f\u00fcr Form, Farbe und Struktur entwickelt er Werke, die gleicherma\u00dfen emotional ber\u00fchren und zum Innehalten einladen. Seine Arbeiten bewegen sich zwischen Experiment und Ausdruckskraft und spiegeln sowohl pers\u00f6nliche Eindr\u00fccke als auch gesellschaftliche Stimmungen wider. Als &hellip; \u201eHome\u201c weiterlesen","og_url":"https:\/\/winfriedschell.de\/","og_site_name":"Winfried Schell","article_modified_time":"2026-03-27T13:35:34+00:00","og_image":[{"width":250,"height":250,"url":"https:\/\/winfriedschell.de\/wp-content\/uploads\/2019\/07\/cropped-cropped-008-4-1.jpg","type":"image\/jpeg"}],"twitter_card":"summary_large_image","twitter_misc":{"Gesch\u00e4tzte Lesezeit":"2\u00a0Minuten"},"schema":{"@context":"https:\/\/schema.org","@graph":[{"@type":"WebPage","@id":"https:\/\/winfriedschell.de\/","url":"https:\/\/winfriedschell.de\/","name":"Home - Winfried Schell","isPartOf":{"@id":"https:\/\/winfriedschell.de\/#website"},"primaryImageOfPage":{"@id":"https:\/\/winfriedschell.de\/#primaryimage"},"image":{"@id":"https:\/\/winfriedschell.de\/#primaryimage"},"thumbnailUrl":"https:\/\/winfriedschell.de\/wp-content\/uploads\/2019\/07\/cropped-cropped-008-4-1.jpg","datePublished":"2019-07-31T11:44:57+00:00","dateModified":"2026-03-27T13:35:34+00:00","breadcrumb":{"@id":"https:\/\/winfriedschell.de\/#breadcrumb"},"inLanguage":"de","potentialAction":[{"@type":"ReadAction","target":["https:\/\/winfriedschell.de\/"]}]},{"@type":"ImageObject","inLanguage":"de","@id":"https:\/\/winfriedschell.de\/#primaryimage","url":"https:\/\/winfriedschell.de\/wp-content\/uploads\/2019\/07\/cropped-cropped-008-4-1.jpg","contentUrl":"https:\/\/winfriedschell.de\/wp-content\/uploads\/2019\/07\/cropped-cropped-008-4-1.jpg","width":250,"height":250},{"@type":"BreadcrumbList","@id":"https:\/\/winfriedschell.de\/#breadcrumb","itemListElement":[{"@type":"ListItem","position":1,"name":"Home","item":"https:\/\/winfriedschell.de\/"},{"@type":"ListItem","position":2,"name":"Home"}]},{"@type":"WebSite","@id":"https:\/\/winfriedschell.de\/#website","url":"https:\/\/winfriedschell.de\/","name":"Winfried Schell","description":"Freischaffender K\u00fcnstler aus Tornesch","publisher":{"@id":"https:\/\/winfriedschell.de\/#organization"},"potentialAction":[{"@type":"SearchAction","target":{"@type":"EntryPoint","urlTemplate":"https:\/\/winfriedschell.de\/?s={search_term_string}"},"query-input":{"@type":"PropertyValueSpecification","valueRequired":true,"valueName":"search_term_string"}}],"inLanguage":"de"},{"@type":"Organization","@id":"https:\/\/winfriedschell.de\/#organization","name":"Winfried Schell","url":"https:\/\/winfriedschell.de\/","logo":{"@type":"ImageObject","inLanguage":"de","@id":"https:\/\/winfriedschell.de\/#\/schema\/logo\/image\/","url":"https:\/\/winfriedschell.de\/wp-content\/uploads\/2019\/07\/cropped-cropped-008-4-1.jpg","contentUrl":"https:\/\/winfriedschell.de\/wp-content\/uploads\/2019\/07\/cropped-cropped-008-4-1.jpg","width":250,"height":250,"caption":"Winfried Schell"},"image":{"@id":"https:\/\/winfriedschell.de\/#\/schema\/logo\/image\/"}}]}},"_links":{"self":[{"href":"https:\/\/winfriedschell.de\/index.php?rest_route=\/wp\/v2\/pages\/17","targetHints":{"allow":["GET"]}}],"collection":[{"href":"https:\/\/winfriedschell.de\/index.php?rest_route=\/wp\/v2\/pages"}],"about":[{"href":"https:\/\/winfriedschell.de\/index.php?rest_route=\/wp\/v2\/types\/page"}],"author":[{"embeddable":true,"href":"https:\/\/winfriedschell.de\/index.php?rest_route=\/wp\/v2\/users\/1"}],"replies":[{"embeddable":true,"href":"https:\/\/winfriedschell.de\/index.php?rest_route=%2Fwp%2Fv2%2Fcomments&post=17"}],"version-history":[{"count":16,"href":"https:\/\/winfriedschell.de\/index.php?rest_route=\/wp\/v2\/pages\/17\/revisions"}],"predecessor-version":[{"id":658,"href":"https:\/\/winfriedschell.de\/index.php?rest_route=\/wp\/v2\/pages\/17\/revisions\/658"}],"wp:attachment":[{"href":"https:\/\/winfriedschell.de\/index.php?rest_route=%2Fwp%2Fv2%2Fmedia&parent=17"}],"curies":[{"name":"wp","href":"https:\/\/api.w.org\/{rel}","templated":true}]}}